    {"id":14,"date":"2025-10-27T18:35:18","date_gmt":"2025-10-27T18:35:18","guid":{"rendered":"https:\/\/zoxym.com\/?page_id=14"},"modified":"2025-10-27T18:35:18","modified_gmt":"2025-10-27T18:35:18","slug":"about","status":"publish","type":"page","link":"https:\/\/zoxym.com\/fr\/about\/","title":{"rendered":"\u00c0 propos"},"content":{"rendered":"<p>Zoxym est votre plateforme de r\u00e9f\u00e9rence pour explorer l&#039;univers des applications et des jeux aux \u00c9tats-Unis. Elle rassemble des analyses approfondies, des avis impartiaux et des conseils pratiques pour vous aider \u00e0 faire des choix plus \u00e9clair\u00e9s concernant les outils num\u00e9riques et les divertissements que vous utilisez au quotidien.<\/p>\n\n\n\n<p>Dans un paysage technologique en constante \u00e9volution, il est facile de se perdre parmi la multitude d&#039;options et de mises \u00e0 jour. C&#039;est l\u00e0 que Zoxym intervient. Nous simplifions les informations complexes, mettons en lumi\u00e8re les tendances les plus pertinentes et proposons des points de vue \u00e9quilibr\u00e9s, pour que vous puissiez rester inform\u00e9 et confiant quant aux applications et aux jeux qui comptent le plus.<\/p>\n\n\n\n<p>Bien que nous pr\u00e9sentions r\u00e9guli\u00e8rement des titres populaires, des mises \u00e0 jour et des critiques de d\u00e9veloppeurs majeurs, Zoxym n&#039;est affili\u00e9 \u00e0 aucune des soci\u00e9t\u00e9s mentionn\u00e9es sur notre site. Nous sommes une plateforme ind\u00e9pendante qui se concentre exclusivement sur la fourniture d&#039;informations fiables et d&#039;\u00e9valuations honn\u00eates, et non sur la vente ou la promotion de produits sp\u00e9cifiques.<\/p>\n\n\n\n<h2 class=\"wp-block-heading\"><strong>Notre mission.<\/strong><\/h2>\n\n\n\n<p>Notre mission est d&#039;accompagner les utilisateurs, les joueurs et les passionn\u00e9s de technologie dans un monde num\u00e9rique en constante \u00e9volution, avec clart\u00e9 et confiance. Que vous recherchiez une nouvelle application de productivit\u00e9, souhaitiez explorer les tendances du jeu vid\u00e9o ou d\u00e9couvrir des outils innovants pour le quotidien, Zoxym est l\u00e0 pour vous informer, vous former et vous inspirer.<\/p>\n\n\n\n<p>Nous nous engageons \u00e0 vous fournir des informations factuelles et des analyses transparentes pour vous aider \u00e0 comprendre ce qui fait la force d&#039;une application ou d&#039;un jeu. De l&#039;exploration de l&#039;exp\u00e9rience utilisateur et des fonctionnalit\u00e9s \u00e0 la d\u00e9couverte des derni\u00e8res innovations du march\u00e9, notre objectif est de vous accompagner dans l&#039;univers num\u00e9rique en toute confiance, sans fausses promesses ni parti pris.<\/p>\n\n\n\n<h2 class=\"wp-block-heading\"><strong>Ce que vous trouverez ici.<\/strong><\/h2>\n\n\n\n<p>Chez Zoxym, notre contenu est organis\u00e9 autour de ce qui compte vraiment pour les utilisateurs num\u00e9riques d&#039;aujourd&#039;hui\u00a0: clart\u00e9, simplicit\u00e9 et r\u00e9elle valeur ajout\u00e9e. Nous proposons des guides structur\u00e9s pour vous aider \u00e0 explorer, comprendre et tirer le meilleur parti de vos applications et jeux pr\u00e9f\u00e9r\u00e9s.<\/p>\n\n\n\n<h3 class=\"wp-block-heading\"><strong>D\u00e9couverte d&#039;applications et choix intelligents.<\/strong><\/h3>\n\n\n\n<p>Trouvez des recommandations d\u00e9taill\u00e9es et des analyses objectives pour vous aider \u00e0 choisir les applications qui correspondent \u00e0 votre style de vie et \u00e0 vos objectifs. Que ce soit pour la productivit\u00e9, la cr\u00e9ativit\u00e9 ou le divertissement, nos \u00e9valuations mettent l&#039;accent sur la performance, la facilit\u00e9 d&#039;utilisation et l&#039;innovation.<\/p>\n\n\n\n<h3 class=\"wp-block-heading\"><strong>Critiques de jeux et avis des joueurs.<\/strong><\/h3>\n\n\n\n<p>Plongez au c\u0153ur de discussions approfondies sur les jeux du moment\u00a0: exp\u00e9riences de jeu, retours de la communaut\u00e9 et d\u00e9tails techniques. Notre objectif\u00a0? Aider les joueurs occasionnels comme les passionn\u00e9s \u00e0 trouver le jeu qui leur convient le mieux.<\/p>\n\n\n\n<h3 class=\"wp-block-heading\"><strong>Conseils et tutoriels num\u00e9riques.<\/strong><\/h3>\n\n\n\n<p>Nos guides vous accompagnent pas \u00e0 pas pour am\u00e9liorer votre exp\u00e9rience avec les applications et les jeux, en abordant les mises \u00e0 jour, les param\u00e8tres et les strat\u00e9gies d&#039;optimisation pour les utilisateurs mobiles, PC et consoles.<\/p>\n\n\n\n<h3 class=\"wp-block-heading\"><strong>Tendances technologiques et actualit\u00e9s du march\u00e9.<\/strong><\/h3>\n\n\n\n<p>Restez inform\u00e9 des derni\u00e8res nouveaut\u00e9s, mises \u00e0 jour de plateformes et tendances qui fa\u00e7onnent l&#039;univers des applications et des jeux vid\u00e9o. Nous anticipons les tendances pour que vous ayez toujours une longueur d&#039;avance.<\/p>\n\n\n\n<h3 class=\"wp-block-heading\"><strong>Applications et d\u00e9veloppeurs en vedette.<\/strong><\/h3>\n\n\n\n<p>Nous mettons r\u00e9guli\u00e8rement en avant les sorties et mises \u00e0 jour importantes des grandes entreprises technologiques et des cr\u00e9ateurs ind\u00e9pendants. Cependant, Zoxym fonctionne de mani\u00e8re ind\u00e9pendante et est <strong>non affili\u00e9<\/strong> Nous ne collaborons avec aucune marque ni aucun d\u00e9veloppeur mis en avant. Notre priorit\u00e9 est la transparence et l&#039;honn\u00eatet\u00e9 de nos reportages, et non la promotion payante.<\/p>\n\n\n\n<h2 class=\"wp-block-heading\"><strong>Notre approche.<\/strong><\/h2>\n\n\n\n<p>Chez Zoxym, l&#039;ind\u00e9pendance et l&#039;int\u00e9grit\u00e9 sont au c\u0153ur de toutes nos actions. Chaque article, test et analyse est r\u00e9dig\u00e9 par notre \u00e9quipe \u00e9ditoriale \u00e0 partir de donn\u00e9es v\u00e9rifi\u00e9es, de tests concrets et d&#039;une exp\u00e9rience pratique. Nous n&#039;acceptons jamais de r\u00e9mun\u00e9ration pour promouvoir ou favoriser une application ou un jeu.<\/p>\n\n\n\n<p>Nous pensons que l&#039;information doit \u00eatre accessible, pr\u00e9cise et agr\u00e9able \u00e0 lire. C&#039;est pourquoi nous publions des contenus con\u00e7us pour informer sans submerger d&#039;informations, afin d&#039;aider chacun, des nouveaux utilisateurs aux joueurs exp\u00e9riment\u00e9s, \u00e0 faire des choix num\u00e9riques \u00e9clair\u00e9s.<\/p>\n\n\n\n<p>Notre objectif n&#039;est pas de vous en faire trop, mais de vous guider avec clart\u00e9, honn\u00eatet\u00e9 et respect. Zoxym a pour vocation de simplifier votre parcours num\u00e9rique et de vous connecter aux exp\u00e9riences digitales qui comptent vraiment.<\/p>","protected":false},"excerpt":{"rendered":"<p>Zoxym is your go-to destination for exploring the world of apps and games in the United States. Our platform brings together detailed insights, honest reviews, and practical guidance to help you make smarter choices about the digital tools and entertainment you use every day. In a fast-evolving tech landscape, it\u2019s easy to get lost among [&hellip;]<\/p>","protected":false},"author":6,"featured_media":0,"parent":0,"menu_order":0,"comment_status":"closed","ping_status":"closed","template":"page-no-sidebar","meta":{"footnotes":""},"yoast_head":"<!-- This site is optimized with the Yoast SEO plugin v23.3 - https:\/\/yoast.com\/wordpress\/plugins\/seo\/ -->\n<title>About - Zoxym<\/title>\n<meta name=\"robots\" content=\"index, follow, max-snippet:-1, max-image-preview:large, max-video-preview:-1\" \/>\n<link rel=\"canonical\" href=\"https:\/\/zoxym.com\/fr\/about\/\" \/>\n<meta property=\"og:locale\" content=\"fr_FR\" \/>\n<meta property=\"og:type\" content=\"article\" \/>\n<meta property=\"og:title\" content=\"About - Zoxym\" \/>\n<meta property=\"og:description\" content=\"Zoxym is your go-to destination for exploring the world of apps and games in the United States. Our platform brings together detailed insights, honest reviews, and practical guidance to help you make smarter choices about the digital tools and entertainment you use every day. In a fast-evolving tech landscape, it\u2019s easy to get lost among [&hellip;]\" \/>\n<meta property=\"og:url\" content=\"https:\/\/zoxym.com\/fr\/about\/\" \/>\n<meta property=\"og:site_name\" content=\"Zoxym\" \/>\n<meta name=\"twitter:card\" content=\"summary_large_image\" \/>\n<meta name=\"twitter:label1\" content=\"Est. reading time\" \/>\n\t<meta name=\"twitter:data1\" content=\"3 minutes\" \/>\n<script type=\"application\/ld+json\" class=\"yoast-schema-graph\">{\"@context\":\"https:\/\/schema.org\",\"@graph\":[{\"@type\":\"WebPage\",\"@id\":\"https:\/\/zoxym.com\/about\/\",\"url\":\"https:\/\/zoxym.com\/about\/\",\"name\":\"About - Zoxym\",\"isPartOf\":{\"@id\":\"https:\/\/zoxym.com\/#website\"},\"datePublished\":\"2025-10-27T18:35:18+00:00\",\"dateModified\":\"2025-10-27T18:35:18+00:00\",\"breadcrumb\":{\"@id\":\"https:\/\/zoxym.com\/about\/#breadcrumb\"},\"inLanguage\":\"fr-FR\",\"potentialAction\":[{\"@type\":\"ReadAction\",\"target\":[\"https:\/\/zoxym.com\/about\/\"]}]},{\"@type\":\"BreadcrumbList\",\"@id\":\"https:\/\/zoxym.com\/about\/#breadcrumb\",\"itemListElement\":[{\"@type\":\"ListItem\",\"position\":1,\"name\":\"Home\",\"item\":\"https:\/\/zoxym.com\/\"},{\"@type\":\"ListItem\",\"position\":2,\"name\":\"About\"}]},{\"@type\":\"WebSite\",\"@id\":\"https:\/\/zoxym.com\/#website\",\"url\":\"https:\/\/zoxym.com\/\",\"name\":\"Zoxym\",\"description\":\"\",\"publisher\":{\"@id\":\"https:\/\/zoxym.com\/#organization\"},\"potentialAction\":[{\"@type\":\"SearchAction\",\"target\":{\"@type\":\"EntryPoint\",\"urlTemplate\":\"https:\/\/zoxym.com\/?s={search_term_string}\"},\"query-input\":\"required name=search_term_string\"}],\"inLanguage\":\"fr-FR\"},{\"@type\":\"Organization\",\"@id\":\"https:\/\/zoxym.com\/#organization\",\"name\":\"Zoxym\",\"url\":\"https:\/\/zoxym.com\/\",\"logo\":{\"@type\":\"ImageObject\",\"inLanguage\":\"fr-FR\",\"@id\":\"https:\/\/zoxym.com\/#\/schema\/logo\/image\/\",\"url\":\"https:\/\/zoxym.com\/wp-content\/uploads\/sites\/587\/2025\/11\/cropped-Logo_Zoxym_transparente.png\",\"contentUrl\":\"https:\/\/zoxym.com\/wp-content\/uploads\/sites\/587\/2025\/11\/cropped-Logo_Zoxym_transparente.png\",\"width\":512,\"height\":512,\"caption\":\"Zoxym\"},\"image\":{\"@id\":\"https:\/\/zoxym.com\/#\/schema\/logo\/image\/\"}}]}<\/script>\n<!-- \/ Yoast SEO plugin. -->","yoast_head_json":{"title":"About - Zoxym","robots":{"index":"index","follow":"follow","max-snippet":"max-snippet:-1","max-image-preview":"max-image-preview:large","max-video-preview":"max-video-preview:-1"},"canonical":"https:\/\/zoxym.com\/fr\/about\/","og_locale":"fr_FR","og_type":"article","og_title":"About - Zoxym","og_description":"Zoxym is your go-to destination for exploring the world of apps and games in the United States. Our platform brings together detailed insights, honest reviews, and practical guidance to help you make smarter choices about the digital tools and entertainment you use every day. In a fast-evolving tech landscape, it\u2019s easy to get lost among [&hellip;]","og_url":"https:\/\/zoxym.com\/fr\/about\/","og_site_name":"Zoxym","twitter_card":"summary_large_image","twitter_misc":{"Est. reading time":"3 minutes"},"schema":{"@context":"https:\/\/schema.org","@graph":[{"@type":"WebPage","@id":"https:\/\/zoxym.com\/about\/","url":"https:\/\/zoxym.com\/about\/","name":"About - Zoxym","isPartOf":{"@id":"https:\/\/zoxym.com\/#website"},"datePublished":"2025-10-27T18:35:18+00:00","dateModified":"2025-10-27T18:35:18+00:00","breadcrumb":{"@id":"https:\/\/zoxym.com\/about\/#breadcrumb"},"inLanguage":"fr-FR","potentialAction":[{"@type":"ReadAction","target":["https:\/\/zoxym.com\/about\/"]}]},{"@type":"BreadcrumbList","@id":"https:\/\/zoxym.com\/about\/#breadcrumb","itemListElement":[{"@type":"ListItem","position":1,"name":"Home","item":"https:\/\/zoxym.com\/"},{"@type":"ListItem","position":2,"name":"About"}]},{"@type":"WebSite","@id":"https:\/\/zoxym.com\/#website","url":"https:\/\/zoxym.com\/","name":"Zoxym","description":"","publisher":{"@id":"https:\/\/zoxym.com\/#organization"},"potentialAction":[{"@type":"SearchAction","target":{"@type":"EntryPoint","urlTemplate":"https:\/\/zoxym.com\/?s={search_term_string}"},"query-input":"required name=search_term_string"}],"inLanguage":"fr-FR"},{"@type":"Organization","@id":"https:\/\/zoxym.com\/#organization","name":"Zoxym","url":"https:\/\/zoxym.com\/","logo":{"@type":"ImageObject","inLanguage":"fr-FR","@id":"https:\/\/zoxym.com\/#\/schema\/logo\/image\/","url":"https:\/\/zoxym.com\/wp-content\/uploads\/sites\/587\/2025\/11\/cropped-Logo_Zoxym_transparente.png","contentUrl":"https:\/\/zoxym.com\/wp-content\/uploads\/sites\/587\/2025\/11\/cropped-Logo_Zoxym_transparente.png","width":512,"height":512,"caption":"Zoxym"},"image":{"@id":"https:\/\/zoxym.com\/#\/schema\/logo\/image\/"}}]}},"_links":{"self":[{"href":"https:\/\/zoxym.com\/fr\/wp-json\/wp\/v2\/pages\/14"}],"collection":[{"href":"https:\/\/zoxym.com\/fr\/wp-json\/wp\/v2\/pages"}],"about":[{"href":"https:\/\/zoxym.com\/fr\/wp-json\/wp\/v2\/types\/page"}],"author":[{"embeddable":true,"href":"https:\/\/zoxym.com\/fr\/wp-json\/wp\/v2\/users\/6"}],"replies":[{"embeddable":true,"href":"https:\/\/zoxym.com\/fr\/wp-json\/wp\/v2\/comments?post=14"}],"version-history":[{"count":1,"href":"https:\/\/zoxym.com\/fr\/wp-json\/wp\/v2\/pages\/14\/revisions"}],"predecessor-version":[{"id":15,"href":"https:\/\/zoxym.com\/fr\/wp-json\/wp\/v2\/pages\/14\/revisions\/15"}],"wp:attachment":[{"href":"https:\/\/zoxym.com\/fr\/wp-json\/wp\/v2\/media?parent=14"}],"curies":[{"name":"wp","href":"https:\/\/api.w.org\/{rel}","templated":true}]}}